{"id":75,"date":"2020-06-03T20:21:42","date_gmt":"2020-06-03T17:21:42","guid":{"rendered":"https:\/\/recsof.com\/tema-ikonlari\/"},"modified":"2021-10-12T15:42:55","modified_gmt":"2021-10-12T12:42:55","slug":"tema-ikonlari","status":"publish","type":"page","link":"https:\/\/recsof.com\/?page_id=75","title":{"rendered":"Tema \u0130konlar\u0131"},"content":{"rendered":"\n<p>Bu sayfada temaya ait varsay\u0131lan ikonlar\u0131 g\u00f6rmektesiniz. Temadaki <strong>icons<\/strong> klas\u00f6r\u00fcne kendi ikonlar\u0131n\u0131z\u0131 kolayca ekleyerek sistemde g\u00f6r\u00fcnmesini sa\u011flayabilirsiniz.<\/p>\n\n\n\n<div class=\"themeIcons\">\n<script>\nvar html = document.documentElement.innerHTML;\nvar regex = \/<symbol id=\"safiricon-\\w+\/g;\nvar icons = html.match(regex);\nfor(var i=0; i < icons.length; i++) {\n icons[i] = icons[i].replace('<symbol id=\"safiricon-','');\n}\nicons.sort();\n\nfor (let i = 0; i < icons.length; i++) {\n  document.write('<div class=\"item-container\"><div class=\"icon\"><svg class=\"safiricon-'+icons[i]+'\"><use href=\"#safiricon-'+icons[i]+'\"><\/use><\/svg><\/div><div class=\"text\">'+icons[i]+'<\/div><\/div>');\n}\n\n<\/script>\n<\/div>\n<style>.themeIcons{display: flex;flex-wrap: wrap;margin: 20px -20px -20px;overflow: hidden;}.themeIcons .item-container{width: 20%;padding: 20px;text-align: center;}.themeIcons .icon svg{float: none; margin: 0 auto 20px; width:24px;height: 24px;display: block;}.themeIcons .text{line-height: 28px; font-size: 14px; border: 1px solid #d8e0e5; border-radius: 5px;}@media all and (max-width:500px){.themeIcons .item-container{width: 25%;}}@media all and (max-width:360px){.themeIcons .item-container{width: 33.33333333%;}}<\/style>\n","protected":false},"excerpt":{"rendered":"<p>Bu sayfada temaya ait varsay\u0131lan ikonlar\u0131 g\u00f6rmektesiniz. Temadaki icons klas\u00f6r\u00fcne kendi ikonlar\u0131n\u0131z\u0131 kolayca ekleyerek sistemde g\u00f6r\u00fcnmesini sa\u011flayabilirsiniz.<\/p>\n","protected":false},"author":1,"featured_media":0,"parent":0,"menu_order":0,"comment_status":"closed","ping_status":"closed","template":"","meta":{"footnotes":""},"class_list":["post-75","page","type-page","status-publish","hentry"],"_links":{"self":[{"href":"https:\/\/recsof.com\/index.php?rest_route=\/wp\/v2\/pages\/75","targetHints":{"allow":["GET"]}}],"collection":[{"href":"https:\/\/recsof.com\/index.php?rest_route=\/wp\/v2\/pages"}],"about":[{"href":"https:\/\/recsof.com\/index.php?rest_route=\/wp\/v2\/types\/page"}],"author":[{"embeddable":true,"href":"https:\/\/recsof.com\/index.php?rest_route=\/wp\/v2\/users\/1"}],"replies":[{"embeddable":true,"href":"https:\/\/recsof.com\/index.php?rest_route=%2Fwp%2Fv2%2Fcomments&post=75"}],"version-history":[{"count":30,"href":"https:\/\/recsof.com\/index.php?rest_route=\/wp\/v2\/pages\/75\/revisions"}],"predecessor-version":[{"id":176,"href":"https:\/\/recsof.com\/index.php?rest_route=\/wp\/v2\/pages\/75\/revisions\/176"}],"wp:attachment":[{"href":"https:\/\/recsof.com\/index.php?rest_route=%2Fwp%2Fv2%2Fmedia&parent=75"}],"curies":[{"name":"wp","href":"https:\/\/api.w.org\/{rel}","templated":true}]}}