{"id":275,"date":"2021-10-14T19:56:10","date_gmt":"2021-10-14T16:56:10","guid":{"rendered":"https:\/\/recsof.com\/?page_id=275"},"modified":"2021-10-17T13:41:57","modified_gmt":"2021-10-17T10:41:57","slug":"bilesenli-sayfa","status":"publish","type":"page","link":"https:\/\/recsof.com\/?page_id=275","title":{"rendered":"Bile\u015fenli Sayfa"},"content":{"rendered":"\n<p class=\"has-text-align-center\" style=\"font-size:22px\">Bu sayfa \u015fablonu ile t\u0131pk\u0131 anasayfa gibi istedi\u011finiz bile\u015fenleri ekleyebilece\u011finiz \u00f6zel sayfalar olu\u015fturabilirsiniz.<\/p>\n","protected":false},"excerpt":{"rendered":"<p>Bu sayfa \u015fablonu ile t\u0131pk\u0131 anasayfa gibi istedi\u011finiz bile\u015fenleri ekleyebilece\u011finiz \u00f6zel sayfalar olu\u015fturabilirsiniz.<\/p>\n","protected":false},"author":1,"featured_media":0,"parent":0,"menu_order":0,"comment_status":"closed","ping_status":"closed","template":"pages\/page-widget.php","meta":{"footnotes":""},"class_list":["post-275","page","type-page","status-publish","hentry"],"_links":{"self":[{"href":"https:\/\/recsof.com\/index.php?rest_route=\/wp\/v2\/pages\/275","targetHints":{"allow":["GET"]}}],"collection":[{"href":"https:\/\/recsof.com\/index.php?rest_route=\/wp\/v2\/pages"}],"about":[{"href":"https:\/\/recsof.com\/index.php?rest_route=\/wp\/v2\/types\/page"}],"author":[{"embeddable":true,"href":"https:\/\/recsof.com\/index.php?rest_route=\/wp\/v2\/users\/1"}],"replies":[{"embeddable":true,"href":"https:\/\/recsof.com\/index.php?rest_route=%2Fwp%2Fv2%2Fcomments&post=275"}],"version-history":[{"count":6,"href":"https:\/\/recsof.com\/index.php?rest_route=\/wp\/v2\/pages\/275\/revisions"}],"predecessor-version":[{"id":288,"href":"https:\/\/recsof.com\/index.php?rest_route=\/wp\/v2\/pages\/275\/revisions\/288"}],"wp:attachment":[{"href":"https:\/\/recsof.com\/index.php?rest_route=%2Fwp%2Fv2%2Fmedia&parent=275"}],"curies":[{"name":"wp","href":"https:\/\/api.w.org\/{rel}","templated":true}]}}